{"id":1140,"date":"2018-12-11T16:41:08","date_gmt":"2018-12-11T15:41:08","guid":{"rendered":"http:\/\/www.coeclerici.com\/?page_id=1140"},"modified":"2025-04-23T12:45:02","modified_gmt":"2025-04-23T10:45:02","slug":"storia","status":"publish","type":"page","link":"https:\/\/www.coeclerici.com\/it\/storia\/","title":{"rendered":"Storia"},"content":{"rendered":"<p><span class=\"bigger\"> Diversificazione commerciale<br \/>\nUna nuova energia per un mondo in costante evoluzione<\/span><\/p>\n<p>Dal 2016 sviluppiamo un nuovo modello aziendale per affrontare le sfide poste da un mondo in costante evoluzione e per consolidare il business del Gruppo tramite la diversificazione dei nostri investimenti in mercati di successo e innovativi.<\/p>\n<p>Si tratta di una scelta strategica che ci consentir\u00e0 di cogliere le nuove opportunit\u00e0 e sviluppare ulteriormente la nostra attivit\u00e0 M&amp;A, rimanendo tuttavia fedeli alla nostra vocazione imprenditoriale focalizzata sull&#8217;economia reale, come dimostrato durante i 120 anni di attivit\u00e0 di Coeclerici.<\/p>\n<p>Abbiamo iniziato questo processo con l&#8217;acquisizione dell&#8217;IMS Deltamatic Group, diventato oggi IMS Technologies, un punto di riferimento internazionale della tradizione italiana nel settore delle tecnologie e della meccanica all&#8217;avanguardia.<br \/>\nUna preziosa alleanza tra due organizzazioni che \u00e8 riuscita a diffondere l&#8217;innovazione, la qualit\u00e0 e l&#8217;esperienza del Made in Italy in cinque continenti.<\/p>\n","protected":false},"excerpt":{"rendered":"<p>Diversificazione commerciale Una nuova energia per un mondo in costante evoluzione Dal 2016 sviluppiamo un nuovo modello aziendale per affrontare le sfide poste da un mondo in costante evoluzione e<\/p>\n","protected":false},"author":1,"featured_media":876,"parent":0,"menu_order":0,"comment_status":"closed","ping_status":"closed","template":"page-history.php","meta":{"_acf_changed":false,"footnotes":""},"acf":[],"_links":{"self":[{"href":"https:\/\/www.coeclerici.com\/it\/wp-json\/wp\/v2\/pages\/1140"}],"collection":[{"href":"https:\/\/www.coeclerici.com\/it\/wp-json\/wp\/v2\/pages"}],"about":[{"href":"https:\/\/www.coeclerici.com\/it\/wp-json\/wp\/v2\/types\/page"}],"author":[{"embeddable":true,"href":"https:\/\/www.coeclerici.com\/it\/wp-json\/wp\/v2\/users\/1"}],"replies":[{"embeddable":true,"href":"https:\/\/www.coeclerici.com\/it\/wp-json\/wp\/v2\/comments?post=1140"}],"version-history":[{"count":32,"href":"https:\/\/www.coeclerici.com\/it\/wp-json\/wp\/v2\/pages\/1140\/revisions"}],"predecessor-version":[{"id":6409,"href":"https:\/\/www.coeclerici.com\/it\/wp-json\/wp\/v2\/pages\/1140\/revisions\/6409"}],"wp:featuredmedia":[{"embeddable":true,"href":"https:\/\/www.coeclerici.com\/it\/wp-json\/wp\/v2\/media\/876"}],"wp:attachment":[{"href":"https:\/\/www.coeclerici.com\/it\/wp-json\/wp\/v2\/media?parent=1140"}],"curies":[{"name":"wp","href":"https:\/\/api.w.org\/{rel}","templated":true}]}}