{"id":1152,"date":"2018-12-11T17:02:11","date_gmt":"2018-12-11T16:02:11","guid":{"rendered":"http:\/\/www.coeclerici.com\/?page_id=1152"},"modified":"2019-01-25T17:31:07","modified_gmt":"2019-01-25T16:31:07","slug":"introduzione","status":"publish","type":"page","link":"https:\/\/www.coeclerici.com\/it\/csr\/introduzione\/","title":{"rendered":"Introduzione"},"content":{"rendered":"<p>&#8220;&#8230;il nostro obiettivo \u00e8 sempre stato e rimarr\u00e0 sempre quello di &#8220;creare una casa&#8221; ovunque operiamo.<\/p>\n<p>Ci\u00f2 significa riconoscere e soddisfare le esigenze dell&#8217;ambiente in cui operiamo.<\/p>\n<p>Significa apprezzare la cultura e le differenze locali. Significa soprattutto fare uno sforzo per comprendere e apprendere dai nostri ospiti. In altre parole, arricchire la nostra cultura aziendale interagendo in maniera attiva e genuina con la popolazione locale&#8221;.<\/p>\n<p><img loading=\"lazy\" decoding=\"async\" class=\"alignnone size-full wp-image-373\" src=\"https:\/\/www.coeclerici.com\/wp-content\/uploads\/2018\/11\/CC_firma-pc.png\" alt=\"\" width=\"101\" height=\"49\"><\/p>\n<p>Paolo Clerici, Presidente e CEO Coeclerici<\/p>\n","protected":false},"excerpt":{"rendered":"<p>&#8220;&#8230;il nostro obiettivo \u00e8 sempre stato e rimarr\u00e0 sempre quello di &#8220;creare una casa&#8221; ovunque operiamo. Ci\u00f2 significa riconoscere e soddisfare le esigenze dell&#8217;ambiente in cui operiamo. Significa apprezzare la<\/p>\n","protected":false},"author":1,"featured_media":0,"parent":1155,"menu_order":0,"comment_status":"closed","ping_status":"closed","template":"page-csrIntro.php","meta":{"_acf_changed":false,"footnotes":""},"acf":[],"_links":{"self":[{"href":"https:\/\/www.coeclerici.com\/it\/wp-json\/wp\/v2\/pages\/1152"}],"collection":[{"href":"https:\/\/www.coeclerici.com\/it\/wp-json\/wp\/v2\/pages"}],"about":[{"href":"https:\/\/www.coeclerici.com\/it\/wp-json\/wp\/v2\/types\/page"}],"author":[{"embeddable":true,"href":"https:\/\/www.coeclerici.com\/it\/wp-json\/wp\/v2\/users\/1"}],"replies":[{"embeddable":true,"href":"https:\/\/www.coeclerici.com\/it\/wp-json\/wp\/v2\/comments?post=1152"}],"version-history":[{"count":6,"href":"https:\/\/www.coeclerici.com\/it\/wp-json\/wp\/v2\/pages\/1152\/revisions"}],"predecessor-version":[{"id":1574,"href":"https:\/\/www.coeclerici.com\/it\/wp-json\/wp\/v2\/pages\/1152\/revisions\/1574"}],"up":[{"embeddable":true,"href":"https:\/\/www.coeclerici.com\/it\/wp-json\/wp\/v2\/pages\/1155"}],"wp:attachment":[{"href":"https:\/\/www.coeclerici.com\/it\/wp-json\/wp\/v2\/media?parent=1152"}],"curies":[{"name":"wp","href":"https:\/\/api.w.org\/{rel}","templated":true}]}}