{"id":5,"date":"2018-11-05T17:28:44","date_gmt":"2018-11-05T16:28:44","guid":{"rendered":"http:\/\/www.coeclerici.com\/?page_id=5"},"modified":"2024-03-13T09:51:21","modified_gmt":"2024-03-13T08:51:21","slug":"homepage","status":"publish","type":"page","link":"https:\/\/www.coeclerici.com\/it\/","title":{"rendered":"Homepage"},"content":{"rendered":"<p>Imprenditorialit\u00e0 italiana ma mentalit\u00e0 globale, Coeclerici \u00e8 un gruppo italiano presente in 14 Paesi del mondo che opera nel mercato delle commodities e nel settore industriale<\/p>\n","protected":false},"excerpt":{"rendered":"<p>Imprenditorialit\u00e0 italiana ma mentalit\u00e0 globale, Coeclerici \u00e8 un gruppo italiano presente in 14 Paesi del mondo che opera nel mercato delle commodities e nel settore industriale<\/p>\n","protected":false},"author":1,"featured_media":0,"parent":0,"menu_order":0,"comment_status":"closed","ping_status":"closed","template":"page-homepage.php","meta":{"_acf_changed":false,"footnotes":""},"acf":[],"_links":{"self":[{"href":"https:\/\/www.coeclerici.com\/it\/wp-json\/wp\/v2\/pages\/5"}],"collection":[{"href":"https:\/\/www.coeclerici.com\/it\/wp-json\/wp\/v2\/pages"}],"about":[{"href":"https:\/\/www.coeclerici.com\/it\/wp-json\/wp\/v2\/types\/page"}],"author":[{"embeddable":true,"href":"https:\/\/www.coeclerici.com\/it\/wp-json\/wp\/v2\/users\/1"}],"replies":[{"embeddable":true,"href":"https:\/\/www.coeclerici.com\/it\/wp-json\/wp\/v2\/comments?post=5"}],"version-history":[{"count":10,"href":"https:\/\/www.coeclerici.com\/it\/wp-json\/wp\/v2\/pages\/5\/revisions"}],"predecessor-version":[{"id":6137,"href":"https:\/\/www.coeclerici.com\/it\/wp-json\/wp\/v2\/pages\/5\/revisions\/6137"}],"wp:attachment":[{"href":"https:\/\/www.coeclerici.com\/it\/wp-json\/wp\/v2\/media?parent=5"}],"curies":[{"name":"wp","href":"https:\/\/api.w.org\/{rel}","templated":true}]}}