{"id":5376,"date":"2023-01-09T14:36:27","date_gmt":"2023-01-09T13:36:27","guid":{"rendered":"https:\/\/www.coeclerici.com\/?page_id=5376"},"modified":"2024-10-11T14:14:38","modified_gmt":"2024-10-11T12:14:38","slug":"valori","status":"publish","type":"page","link":"https:\/\/www.coeclerici.com\/it\/valori\/","title":{"rendered":"Valori"},"content":{"rendered":"<p>Cari Stakeholder,<\/p>\n<p class=\"p1\">Sono lieto di presentarvi il nostro Bilancio di Sostenibilit\u00e0 2023, un documento che riflette il nostro continuo impegno verso la sostenibilit\u00e0 ambientale, sociale e di governance (ESG); linee guida ben presenti nella strategia aziendale del Gruppo, con la finalit\u00e0 di <b>creare valore per tutti i nostri stakeholder<\/b>: collaboratori, azionisti, clienti, fornitori e comunit\u00e0 locali.<\/p>\n<p class=\"p1\">Il Gruppo, che ha avviato questo percorso in <b>forma volontaristica<\/b>, in anticipo rispetto alle normative dell\u2019Unione Europea ed all\u2019entrata in vigore della Corporate Sustainability Reporting Directive, prosegue nell\u2019impegno continuo a migliorare la rendicontazione di sostenibilit\u00e0 ritenendo che rappresenti <b>un\u2019opportunit\u00e0 di condivisione delle strategie, delle azioni poste in essere e dell\u2019impatto ambientale, sociale ed economico prodotto<\/b>, utile ad assicurare una maggiore comprensione delle attivit\u00e0 del nostro Gruppo.<\/p>\n<p class=\"p1\">Nell\u2019anno appena trascorso, caratterizzato dalle criticit\u00e0 geopolitiche del contesto internazionale e da una complessa congiuntura economica, abbiamo continuato a perseguire, mediante le attivit\u00e0 operative e gli investimenti, gli obiettivi di medio-lungo termine del Gruppo. E\u2019 stata completata l\u2019installazione di <b>pannelli solari <\/b>nello stabilimento di Calcinate, promuovendo l\u2019autoproduzione di energia elettrica da fonti rinnovabili e migliorando la nostra efficienza energetica complessiva. E\u2019 aumentata la quota del nostro investimento nella start-up australiana per la <b>produzione e lavorazione sostenibile del vanadio<\/b>, che rappresenta un passo importante verso la diversificazione dei prodotti e il supporto di tecnologie verdi. Per garantire trasparenza e responsabilit\u00e0, abbiamo rafforzato la nostra <b>governance sui temi della sostenibilit\u00e0 <\/b>mediante l\u2019ottenimento, da parte della Divisione Industry, della certificazione ISO 9001(Qualit\u00e0), mentre sono in corso i lavori per le certificazioni ISO 14001 (Ambiente) e ISO 45001 (Salute e Sicurezza del lavoro), a dimostrazione del nostro impegno verso l\u2019eccellenza nei processi interni e la tutela dell\u2019ambiente e della salute e sicurezza sul lavoro. E\u2019 continuato il nostro <b>impegno verso le comunit\u00e0 locali<\/b>, preservando posti di lavoro e supportando le economie locali, dimostrando che il benessere delle persone e delle comunit\u00e0 \u00e8 una priorit\u00e0 fondamentale del Gruppo.<\/p>\n<p class=\"p1\">Il completamento del nuovo stabilimento di Calcinate e l\u2019adozione di soluzioni sostenibili evidenziano la nostra <b>capacit\u00e0 di adattarci e prosperare anche in tempi di incertezza<\/b>.<\/p>\n<p class=\"p1\"><i>In conclusione, <\/i><b>il nostro impegno verso la sostenibilit\u00e0 non \u00e8 solo un valore aziendale, ma una responsabilit\u00e0 verso il futuro<\/b><i>. Intendiamo proseguire su questo percorso, integrando sempre pi\u00f9 i principi ESG in ogni aspetto del nostro operato. Con l\u2019impegno e la collaborazione di tutti i nostri stakeholder, siamo fiduciosi di poter realizzare una crescita sostenibile e duratura nel tempo. <\/i><\/p>\n<p>&nbsp;<\/p>\n<p><img loading=\"lazy\" decoding=\"async\" class=\"alignnone size-full wp-image-373\" src=\"https:\/\/www.coeclerici.com\/wp-content\/uploads\/2018\/11\/CC_firma-pc.png\" alt=\"\" width=\"101\" height=\"49\" \/><br \/>\nPresidente e Amministratore Delegato<br \/>\nPaolo Clerici<\/p>\n","protected":false},"excerpt":{"rendered":"<p>Cari Stakeholder, Sono lieto di presentarvi il nostro Bilancio di Sostenibilit\u00e0 2023, un documento che riflette il nostro continuo impegno verso la sostenibilit\u00e0 ambientale, sociale e di governance (ESG); linee<\/p>\n","protected":false},"author":1,"featured_media":0,"parent":0,"menu_order":0,"comment_status":"closed","ping_status":"closed","template":"page-susValue.php","meta":{"_acf_changed":false,"footnotes":""},"acf":[],"_links":{"self":[{"href":"https:\/\/www.coeclerici.com\/it\/wp-json\/wp\/v2\/pages\/5376"}],"collection":[{"href":"https:\/\/www.coeclerici.com\/it\/wp-json\/wp\/v2\/pages"}],"about":[{"href":"https:\/\/www.coeclerici.com\/it\/wp-json\/wp\/v2\/types\/page"}],"author":[{"embeddable":true,"href":"https:\/\/www.coeclerici.com\/it\/wp-json\/wp\/v2\/users\/1"}],"replies":[{"embeddable":true,"href":"https:\/\/www.coeclerici.com\/it\/wp-json\/wp\/v2\/comments?post=5376"}],"version-history":[{"count":9,"href":"https:\/\/www.coeclerici.com\/it\/wp-json\/wp\/v2\/pages\/5376\/revisions"}],"predecessor-version":[{"id":6274,"href":"https:\/\/www.coeclerici.com\/it\/wp-json\/wp\/v2\/pages\/5376\/revisions\/6274"}],"wp:attachment":[{"href":"https:\/\/www.coeclerici.com\/it\/wp-json\/wp\/v2\/media?parent=5376"}],"curies":[{"name":"wp","href":"https:\/\/api.w.org\/{rel}","templated":true}]}}