{"id":5408,"date":"2023-01-09T15:28:39","date_gmt":"2023-01-09T14:28:39","guid":{"rendered":"https:\/\/www.coeclerici.com\/?page_id=5408"},"modified":"2023-12-18T16:47:58","modified_gmt":"2023-12-18T15:47:58","slug":"introduzione","status":"publish","type":"page","link":"https:\/\/www.coeclerici.com\/it\/valore-sociale\/introduzione\/","title":{"rendered":"Valore sociale"},"content":{"rendered":"<p>Centralit\u00e0 della persona<br \/>\nFormazione<br \/>\nSalute e sicurezza<br \/>\nInclusione<br \/>\nDiritti umani<br \/>\nInnovazione e affidabilit\u00e0<br \/>\nCultura e comunit\u00e0<\/p>\n","protected":false},"excerpt":{"rendered":"<p>Centralit\u00e0 della persona Formazione Salute e sicurezza Inclusione Diritti umani Innovazione e affidabilit\u00e0 Cultura e comunit\u00e0<\/p>\n","protected":false},"author":1,"featured_media":0,"parent":5426,"menu_order":0,"comment_status":"closed","ping_status":"closed","template":"page-susValsoc.php","meta":{"_acf_changed":false,"footnotes":""},"acf":[],"_links":{"self":[{"href":"https:\/\/www.coeclerici.com\/it\/wp-json\/wp\/v2\/pages\/5408"}],"collection":[{"href":"https:\/\/www.coeclerici.com\/it\/wp-json\/wp\/v2\/pages"}],"about":[{"href":"https:\/\/www.coeclerici.com\/it\/wp-json\/wp\/v2\/types\/page"}],"author":[{"embeddable":true,"href":"https:\/\/www.coeclerici.com\/it\/wp-json\/wp\/v2\/users\/1"}],"replies":[{"embeddable":true,"href":"https:\/\/www.coeclerici.com\/it\/wp-json\/wp\/v2\/comments?post=5408"}],"version-history":[{"count":5,"href":"https:\/\/www.coeclerici.com\/it\/wp-json\/wp\/v2\/pages\/5408\/revisions"}],"predecessor-version":[{"id":6018,"href":"https:\/\/www.coeclerici.com\/it\/wp-json\/wp\/v2\/pages\/5408\/revisions\/6018"}],"up":[{"embeddable":true,"href":"https:\/\/www.coeclerici.com\/it\/wp-json\/wp\/v2\/pages\/5426"}],"wp:attachment":[{"href":"https:\/\/www.coeclerici.com\/it\/wp-json\/wp\/v2\/media?parent=5408"}],"curies":[{"name":"wp","href":"https:\/\/api.w.org\/{rel}","templated":true}]}}